{"id":1355,"date":"2025-01-24T00:03:24","date_gmt":"2025-01-24T00:03:24","guid":{"rendered":"https:\/\/storybrinde.ch\/produkt\/produto-b\/"},"modified":"2025-01-31T11:45:33","modified_gmt":"2025-01-31T11:45:33","slug":"bolas-de-natal-com-nome","status":"publish","type":"product","link":"https:\/\/storybrinde.com\/pt\/produkt\/bolas-de-natal-com-nome\/","title":{"rendered":"BOLAS DE NATAL COM NOME (corte a laser)"},"content":{"rendered":"<p>Breve descri\u00e7\u00e3o Esta \u00e9 a descri\u00e7\u00e3o da l\u00edngua Esta \u00e9 a descri\u00e7\u00e3o da l\u00edngua Breve descri\u00e7\u00e3o Esta \u00e9 a descri\u00e7\u00e3o da l\u00edngua Esta \u00e9 a descri\u00e7\u00e3o da l\u00edngua<\/p>\n","protected":false},"excerpt":{"rendered":"<p>Material: MDF<\/p>\n","protected":false},"featured_media":1505,"template":"","meta":{"_acf_changed":false},"product_brand":[],"product_cat":[38],"product_tag":[],"class_list":{"0":"post-1355","1":"product","2":"type-product","3":"status-publish","4":"has-post-thumbnail","6":"product_cat-nao-categorizado","8":"first","9":"instock","10":"shipping-taxable","11":"purchasable","12":"product-type-simple"},"acf":[],"yoast_head":"<!-- This site is optimized with the Yoast SEO plugin v27.0 - https:\/\/yoast.com\/product\/yoast-seo-wordpress\/ -->\n<title>BOLAS DE NATAL COM NOME (corte a laser) - STORYBRINDE<\/title>\n<meta name=\"robots\" content=\"index, follow, max-snippet:-1, max-image-preview:large, max-video-preview:-1\" \/>\n<link rel=\"canonical\" href=\"https:\/\/storybrinde.com\/pt\/produkt\/bolas-de-natal-com-nome\/\" \/>\n<meta property=\"og:locale\" content=\"pt_PT\" \/>\n<meta property=\"og:type\" content=\"article\" \/>\n<meta property=\"og:title\" content=\"BOLAS DE NATAL COM NOME (corte a laser) - STORYBRINDE\" \/>\n<meta property=\"og:description\" content=\"Material: MDF\" \/>\n<meta property=\"og:url\" content=\"https:\/\/storybrinde.com\/pt\/produkt\/bolas-de-natal-com-nome\/\" \/>\n<meta property=\"og:site_name\" content=\"STORYBRINDE\" \/>\n<meta property=\"article:publisher\" content=\"https:\/\/www.facebook.com\/profile.php?id=100090412047154\" \/>\n<meta property=\"article:modified_time\" content=\"2025-01-31T11:45:33+00:00\" \/>\n<meta property=\"og:image\" content=\"https:\/\/storybrinde.com\/wp-content\/uploads\/2024\/12\/image2-scaled-e1737677322859.jpeg\" \/>\n\t<meta property=\"og:image:width\" content=\"2560\" \/>\n\t<meta property=\"og:image:height\" content=\"2074\" \/>\n\t<meta property=\"og:image:type\" content=\"image\/jpeg\" \/>\n<meta name=\"twitter:card\" content=\"summary_large_image\" \/>\n<script type=\"application\/ld+json\" class=\"yoast-schema-graph\">{\"@context\":\"https:\/\/schema.org\",\"@graph\":[{\"@type\":\"WebPage\",\"@id\":\"https:\/\/storybrinde.com\/pt\/produkt\/bolas-de-natal-com-nome\/\",\"url\":\"https:\/\/storybrinde.com\/pt\/produkt\/bolas-de-natal-com-nome\/\",\"name\":\"BOLAS DE NATAL COM NOME (corte a laser) - STORYBRINDE\",\"isPartOf\":{\"@id\":\"https:\/\/storybrinde.com\/pt\/#website\"},\"primaryImageOfPage\":{\"@id\":\"https:\/\/storybrinde.com\/pt\/produkt\/bolas-de-natal-com-nome\/#primaryimage\"},\"image\":{\"@id\":\"https:\/\/storybrinde.com\/pt\/produkt\/bolas-de-natal-com-nome\/#primaryimage\"},\"thumbnailUrl\":\"https:\/\/storybrinde.com\/wp-content\/uploads\/2024\/12\/image2-scaled-e1737677322859.jpeg\",\"datePublished\":\"2025-01-24T00:03:24+00:00\",\"dateModified\":\"2025-01-31T11:45:33+00:00\",\"breadcrumb\":{\"@id\":\"https:\/\/storybrinde.com\/pt\/produkt\/bolas-de-natal-com-nome\/#breadcrumb\"},\"inLanguage\":\"pt-PT\",\"potentialAction\":[{\"@type\":\"ReadAction\",\"target\":[\"https:\/\/storybrinde.com\/pt\/produkt\/bolas-de-natal-com-nome\/\"]}]},{\"@type\":\"ImageObject\",\"inLanguage\":\"pt-PT\",\"@id\":\"https:\/\/storybrinde.com\/pt\/produkt\/bolas-de-natal-com-nome\/#primaryimage\",\"url\":\"https:\/\/storybrinde.com\/wp-content\/uploads\/2024\/12\/image2-scaled-e1737677322859.jpeg\",\"contentUrl\":\"https:\/\/storybrinde.com\/wp-content\/uploads\/2024\/12\/image2-scaled-e1737677322859.jpeg\",\"width\":2560,\"height\":2074},{\"@type\":\"BreadcrumbList\",\"@id\":\"https:\/\/storybrinde.com\/pt\/produkt\/bolas-de-natal-com-nome\/#breadcrumb\",\"itemListElement\":[{\"@type\":\"ListItem\",\"position\":1,\"name\":\"In\u00edcio\",\"item\":\"https:\/\/storybrinde.com\/pt\/\"},{\"@type\":\"ListItem\",\"position\":2,\"name\":\"Loja\",\"item\":\"https:\/\/storybrinde.com\/pt\/loja\/\"},{\"@type\":\"ListItem\",\"position\":3,\"name\":\"BOLAS DE NATAL COM NOME (corte a laser)\"}]},{\"@type\":\"WebSite\",\"@id\":\"https:\/\/storybrinde.com\/pt\/#website\",\"url\":\"https:\/\/storybrinde.com\/pt\/\",\"name\":\"STORYBRINDE\",\"description\":\"Os seus materiais de marketing!\",\"publisher\":{\"@id\":\"https:\/\/storybrinde.com\/pt\/#organization\"},\"potentialAction\":[{\"@type\":\"SearchAction\",\"target\":{\"@type\":\"EntryPoint\",\"urlTemplate\":\"https:\/\/storybrinde.com\/pt\/?s={search_term_string}\"},\"query-input\":{\"@type\":\"PropertyValueSpecification\",\"valueRequired\":true,\"valueName\":\"search_term_string\"}}],\"inLanguage\":\"pt-PT\"},{\"@type\":\"Organization\",\"@id\":\"https:\/\/storybrinde.com\/pt\/#organization\",\"name\":\"STORYBRINDE\",\"url\":\"https:\/\/storybrinde.com\/pt\/\",\"logo\":{\"@type\":\"ImageObject\",\"inLanguage\":\"pt-PT\",\"@id\":\"https:\/\/storybrinde.com\/pt\/#\/schema\/logo\/image\/\",\"url\":\"https:\/\/storybrinde.ch\/wp-content\/uploads\/2024\/12\/Print-Shop-Zermat.jpg\",\"contentUrl\":\"https:\/\/storybrinde.ch\/wp-content\/uploads\/2024\/12\/Print-Shop-Zermat.jpg\",\"width\":450,\"height\":449,\"caption\":\"STORYBRINDE\"},\"image\":{\"@id\":\"https:\/\/storybrinde.com\/pt\/#\/schema\/logo\/image\/\"},\"sameAs\":[\"https:\/\/www.facebook.com\/profile.php?id=100090412047154\"]}]}<\/script>\n<!-- \/ Yoast SEO plugin. -->","yoast_head_json":{"title":"BOLAS DE NATAL COM NOME (corte a laser) - STORYBRINDE","robots":{"index":"index","follow":"follow","max-snippet":"max-snippet:-1","max-image-preview":"max-image-preview:large","max-video-preview":"max-video-preview:-1"},"canonical":"https:\/\/storybrinde.com\/pt\/produkt\/bolas-de-natal-com-nome\/","og_locale":"pt_PT","og_type":"article","og_title":"BOLAS DE NATAL COM NOME (corte a laser) - STORYBRINDE","og_description":"Material: MDF","og_url":"https:\/\/storybrinde.com\/pt\/produkt\/bolas-de-natal-com-nome\/","og_site_name":"STORYBRINDE","article_publisher":"https:\/\/www.facebook.com\/profile.php?id=100090412047154","article_modified_time":"2025-01-31T11:45:33+00:00","og_image":[{"width":2560,"height":2074,"url":"https:\/\/storybrinde.com\/wp-content\/uploads\/2024\/12\/image2-scaled-e1737677322859.jpeg","type":"image\/jpeg"}],"twitter_card":"summary_large_image","schema":{"@context":"https:\/\/schema.org","@graph":[{"@type":"WebPage","@id":"https:\/\/storybrinde.com\/pt\/produkt\/bolas-de-natal-com-nome\/","url":"https:\/\/storybrinde.com\/pt\/produkt\/bolas-de-natal-com-nome\/","name":"BOLAS DE NATAL COM NOME (corte a laser) - STORYBRINDE","isPartOf":{"@id":"https:\/\/storybrinde.com\/pt\/#website"},"primaryImageOfPage":{"@id":"https:\/\/storybrinde.com\/pt\/produkt\/bolas-de-natal-com-nome\/#primaryimage"},"image":{"@id":"https:\/\/storybrinde.com\/pt\/produkt\/bolas-de-natal-com-nome\/#primaryimage"},"thumbnailUrl":"https:\/\/storybrinde.com\/wp-content\/uploads\/2024\/12\/image2-scaled-e1737677322859.jpeg","datePublished":"2025-01-24T00:03:24+00:00","dateModified":"2025-01-31T11:45:33+00:00","breadcrumb":{"@id":"https:\/\/storybrinde.com\/pt\/produkt\/bolas-de-natal-com-nome\/#breadcrumb"},"inLanguage":"pt-PT","potentialAction":[{"@type":"ReadAction","target":["https:\/\/storybrinde.com\/pt\/produkt\/bolas-de-natal-com-nome\/"]}]},{"@type":"ImageObject","inLanguage":"pt-PT","@id":"https:\/\/storybrinde.com\/pt\/produkt\/bolas-de-natal-com-nome\/#primaryimage","url":"https:\/\/storybrinde.com\/wp-content\/uploads\/2024\/12\/image2-scaled-e1737677322859.jpeg","contentUrl":"https:\/\/storybrinde.com\/wp-content\/uploads\/2024\/12\/image2-scaled-e1737677322859.jpeg","width":2560,"height":2074},{"@type":"BreadcrumbList","@id":"https:\/\/storybrinde.com\/pt\/produkt\/bolas-de-natal-com-nome\/#breadcrumb","itemListElement":[{"@type":"ListItem","position":1,"name":"In\u00edcio","item":"https:\/\/storybrinde.com\/pt\/"},{"@type":"ListItem","position":2,"name":"Loja","item":"https:\/\/storybrinde.com\/pt\/loja\/"},{"@type":"ListItem","position":3,"name":"BOLAS DE NATAL COM NOME (corte a laser)"}]},{"@type":"WebSite","@id":"https:\/\/storybrinde.com\/pt\/#website","url":"https:\/\/storybrinde.com\/pt\/","name":"STORYBRINDE","description":"Os seus materiais de marketing!","publisher":{"@id":"https:\/\/storybrinde.com\/pt\/#organization"},"potentialAction":[{"@type":"SearchAction","target":{"@type":"EntryPoint","urlTemplate":"https:\/\/storybrinde.com\/pt\/?s={search_term_string}"},"query-input":{"@type":"PropertyValueSpecification","valueRequired":true,"valueName":"search_term_string"}}],"inLanguage":"pt-PT"},{"@type":"Organization","@id":"https:\/\/storybrinde.com\/pt\/#organization","name":"STORYBRINDE","url":"https:\/\/storybrinde.com\/pt\/","logo":{"@type":"ImageObject","inLanguage":"pt-PT","@id":"https:\/\/storybrinde.com\/pt\/#\/schema\/logo\/image\/","url":"https:\/\/storybrinde.ch\/wp-content\/uploads\/2024\/12\/Print-Shop-Zermat.jpg","contentUrl":"https:\/\/storybrinde.ch\/wp-content\/uploads\/2024\/12\/Print-Shop-Zermat.jpg","width":450,"height":449,"caption":"STORYBRINDE"},"image":{"@id":"https:\/\/storybrinde.com\/pt\/#\/schema\/logo\/image\/"},"sameAs":["https:\/\/www.facebook.com\/profile.php?id=100090412047154"]}]}},"tiered_pricing_type":"fixed","tiered_pricing_fixed_rules":[],"tiered_pricing_product_settings":{"layout":"default","base_unit_name":{"singular":null,"plural":null},"default_variation":null},"tiered_pricing_minimum_quantity":null,"tiered_pricing_roles_data":[],"tiered_pricing_percentage_rules":[],"_links":{"self":[{"href":"https:\/\/storybrinde.com\/pt\/wp-json\/wp\/v2\/product\/1355","targetHints":{"allow":["GET"]}}],"collection":[{"href":"https:\/\/storybrinde.com\/pt\/wp-json\/wp\/v2\/product"}],"about":[{"href":"https:\/\/storybrinde.com\/pt\/wp-json\/wp\/v2\/types\/product"}],"wp:featuredmedia":[{"embeddable":true,"href":"https:\/\/storybrinde.com\/pt\/wp-json\/wp\/v2\/media\/1505"}],"wp:attachment":[{"href":"https:\/\/storybrinde.com\/pt\/wp-json\/wp\/v2\/media?parent=1355"}],"wp:term":[{"taxonomy":"product_brand","embeddable":true,"href":"https:\/\/storybrinde.com\/pt\/wp-json\/wp\/v2\/product_brand?post=1355"},{"taxonomy":"product_cat","embeddable":true,"href":"https:\/\/storybrinde.com\/pt\/wp-json\/wp\/v2\/product_cat?post=1355"},{"taxonomy":"product_tag","embeddable":true,"href":"https:\/\/storybrinde.com\/pt\/wp-json\/wp\/v2\/product_tag?post=1355"}],"curies":[{"name":"wp","href":"https:\/\/api.w.org\/{rel}","templated":true}]}}