{"id":654,"date":"2024-12-06T18:36:47","date_gmt":"2024-12-06T18:36:47","guid":{"rendered":"https:\/\/storybrinde.ch\/sobre-nos\/"},"modified":"2025-02-03T16:35:02","modified_gmt":"2025-02-03T16:35:02","slug":"sobre-nos","status":"publish","type":"page","link":"https:\/\/storybrinde.com\/pt\/sobre-nos\/","title":{"rendered":"Sobre n\u00f3s"},"content":{"rendered":"\t\t<div data-elementor-type=\"wp-page\" data-elementor-id=\"654\" class=\"elementor elementor-654 elementor-324\" data-elementor-post-type=\"page\">\n\t\t\t\t<div class=\"elementor-element elementor-element-6f8312e9 e-flex e-con-boxed e-con e-parent\" data-id=\"6f8312e9\" data-element_type=\"container\" data-e-type=\"container\" data-settings=\"{&quot;background_background&quot;:&quot;classic&quot;}\">\n\t\t\t\t\t<div class=\"e-con-inner\">\n\t\t<div class=\"elementor-element elementor-element-cd20328 e-con-full e-flex e-con e-child\" data-id=\"cd20328\" data-element_type=\"container\" data-e-type=\"container\">\n\t\t\t\t<\/div>\n\t\t\t\t\t<\/div>\n\t\t\t\t<\/div>\n\t\t<div class=\"elementor-element elementor-element-42cdfd0 e-flex e-con-boxed e-con e-parent\" data-id=\"42cdfd0\" data-element_type=\"container\" data-e-type=\"container\">\n\t\t\t\t\t<div class=\"e-con-inner\">\n\t\t<div class=\"elementor-element elementor-element-23f72ba e-con-full e-flex e-con e-child\" data-id=\"23f72ba\" data-element_type=\"container\" data-e-type=\"container\">\n\t\t\t\t<div class=\"elementor-element elementor-element-6141b20 elementor-invisible elementor-widget elementor-widget-heading\" data-id=\"6141b20\" data-element_type=\"widget\" data-e-type=\"widget\" data-settings=\"{&quot;_animation&quot;:&quot;fadeInUp&quot;}\" data-widget_type=\"heading.default\">\n\t\t\t\t<div class=\"elementor-widget-container\">\n\t\t\t\t\t<span class=\"elementor-heading-title elementor-size-default\">A STORYBRINDE<\/span>\t\t\t\t<\/div>\n\t\t\t\t<\/div>\n\t\t\t\t<div class=\"elementor-element elementor-element-9a90a3b elementor-invisible elementor-widget elementor-widget-heading\" data-id=\"9a90a3b\" data-element_type=\"widget\" data-e-type=\"widget\" data-settings=\"{&quot;_animation&quot;:&quot;fadeInUp&quot;,&quot;_animation_delay&quot;:200}\" data-widget_type=\"heading.default\">\n\t\t\t\t<div class=\"elementor-widget-container\">\n\t\t\t\t\t<h2 class=\"elementor-heading-title elementor-size-default\">A Nossa Hist\u00f3ria<\/h2>\t\t\t\t<\/div>\n\t\t\t\t<\/div>\n\t\t\t\t<\/div>\n\t\t\t\t\t<\/div>\n\t\t\t\t<\/div>\n\t\t<div class=\"elementor-element elementor-element-4afab619 e-flex e-con-boxed e-con e-parent\" data-id=\"4afab619\" data-element_type=\"container\" data-e-type=\"container\">\n\t\t\t\t\t<div class=\"e-con-inner\">\n\t\t<div class=\"elementor-element elementor-element-66b9c593 e-con-full e-flex e-con e-child\" data-id=\"66b9c593\" data-element_type=\"container\" data-e-type=\"container\">\n\t\t\t\t<div class=\"elementor-element elementor-element-69664aa5 elementor-widget elementor-widget-text-editor\" data-id=\"69664aa5\" data-element_type=\"widget\" data-e-type=\"widget\" data-widget_type=\"text-editor.default\">\n\t\t\t\t<div class=\"elementor-widget-container\">\n\t\t\t\t\t\t\t\t\t<p>Bem-vindo \u00e0 StoryBrinde, uma equipa din\u00e2mica e criativa. Com uma forte presen\u00e7a na Su\u00ed\u00e7a e em Portugal, oferecemos tamb\u00e9m solu\u00e7\u00f5es personalizadas para particulares e empresas em toda a Europa.<\/p>\n<p>A nossa miss\u00e3o \u00e9 simples: combinar qualidade, inova\u00e7\u00e3o e habilidade para fornecer produtos e servi\u00e7os excepcionais. Quer necessite de artigos personalizados, impress\u00e3o profissional ou marca personalizada, estamos aqui para dar vida \u00e0s tuas ideias com precis\u00e3o e cuidado.<\/p>\n\t\t\t\t\t\t\t\t<\/div>\n\t\t\t\t<\/div>\n\t\t\t\t<div class=\"elementor-element elementor-element-201bb3cc elementor-hidden-desktop elementor-widget elementor-widget-image\" data-id=\"201bb3cc\" data-element_type=\"widget\" data-e-type=\"widget\" data-widget_type=\"image.default\">\n\t\t\t\t<div class=\"elementor-widget-container\">\n\t\t\t\t\t\t\t\t\t\t\t\t\t\t\t<img fetchpriority=\"high\" decoding=\"async\" width=\"800\" height=\"534\" src=\"https:\/\/storybrinde.com\/wp-content\/uploads\/2024\/12\/picturesque-autumn-view-of-zermatt-city-street-with-matterhorn-peak-1024x683.jpg\" class=\"attachment-large size-large wp-image-103\" alt=\"Picturesque autumn view of Zermatt city street with Matterhorn peak\" srcset=\"https:\/\/storybrinde.com\/wp-content\/uploads\/2024\/12\/picturesque-autumn-view-of-zermatt-city-street-with-matterhorn-peak-1024x683.jpg 1024w, https:\/\/storybrinde.com\/wp-content\/uploads\/2024\/12\/picturesque-autumn-view-of-zermatt-city-street-with-matterhorn-peak-600x400.jpg 600w, https:\/\/storybrinde.com\/wp-content\/uploads\/2024\/12\/picturesque-autumn-view-of-zermatt-city-street-with-matterhorn-peak-300x200.jpg 300w, https:\/\/storybrinde.com\/wp-content\/uploads\/2024\/12\/picturesque-autumn-view-of-zermatt-city-street-with-matterhorn-peak-768x512.jpg 768w, https:\/\/storybrinde.com\/wp-content\/uploads\/2024\/12\/picturesque-autumn-view-of-zermatt-city-street-with-matterhorn-peak-1536x1025.jpg 1536w, https:\/\/storybrinde.com\/wp-content\/uploads\/2024\/12\/picturesque-autumn-view-of-zermatt-city-street-with-matterhorn-peak.jpg 2000w\" sizes=\"(max-width: 800px) 100vw, 800px\" \/>\t\t\t\t\t\t\t\t\t\t\t\t\t\t\t<\/div>\n\t\t\t\t<\/div>\n\t\t\t\t<div class=\"elementor-element elementor-element-1f7ac73f elementor-widget elementor-widget-text-editor\" data-id=\"1f7ac73f\" data-element_type=\"widget\" data-e-type=\"widget\" data-widget_type=\"text-editor.default\">\n\t\t\t\t<div class=\"elementor-widget-container\">\n\t\t\t\t\t\t\t\t\t<p>Na Storybrinde, orgulhamo-nos da nossa capacidade de nos adaptarmos \u00e0s necessidades \u00fanicas de cada cliente. Desde lembran\u00e7as que captam a ess\u00eancia de Zermatt a vestu\u00e1rio de trabalho personalizado e publicidade eficaz em ve\u00edculos, a nossa equipa trabalha em estreita colabora\u00e7\u00e3o consigo para desenvolver solu\u00e7\u00f5es que causem impacto.<\/p>\n<p>Movidos pela criatividade e apoiados por tecnologia de ponta, asseguramos que cada projeto cumpre os mais elevados padr\u00f5es de qualidade e profissionalismo. Quer seja a cria\u00e7\u00e3o de um novo design, a impress\u00e3o de materiais importantes ou o toque pessoal de um bordado, abordamos cada tarefa com dedica\u00e7\u00e3o e aten\u00e7\u00e3o aos pormenores.<\/p>\n<p>Com a nossa sede em Zermatt e a nossa orienta\u00e7\u00e3o europeia, somos o teu parceiro de confian\u00e7a para solu\u00e7\u00f5es personalizadas e profissionais. Vamos trabalhar juntos para transformar as tuas vis\u00f5es em realidade.<\/p>\n\t\t\t\t\t\t\t\t<\/div>\n\t\t\t\t<\/div>\n\t\t\t\t<\/div>\n\t\t<div class=\"elementor-element elementor-element-3d3889d6 e-con-full e-flex e-con e-child\" data-id=\"3d3889d6\" data-element_type=\"container\" data-e-type=\"container\">\n\t\t\t\t<div class=\"elementor-element elementor-element-28641215 elementor-widget elementor-widget-image\" data-id=\"28641215\" data-element_type=\"widget\" data-e-type=\"widget\" data-widget_type=\"image.default\">\n\t\t\t\t<div class=\"elementor-widget-container\">\n\t\t\t\t\t\t\t\t\t\t\t\t\t\t\t<img fetchpriority=\"high\" decoding=\"async\" width=\"800\" height=\"534\" src=\"https:\/\/storybrinde.com\/wp-content\/uploads\/2024\/12\/picturesque-autumn-view-of-zermatt-city-street-with-matterhorn-peak-1024x683.jpg\" class=\"attachment-large size-large wp-image-103\" alt=\"Picturesque autumn view of Zermatt city street with Matterhorn peak\" srcset=\"https:\/\/storybrinde.com\/wp-content\/uploads\/2024\/12\/picturesque-autumn-view-of-zermatt-city-street-with-matterhorn-peak-1024x683.jpg 1024w, https:\/\/storybrinde.com\/wp-content\/uploads\/2024\/12\/picturesque-autumn-view-of-zermatt-city-street-with-matterhorn-peak-600x400.jpg 600w, https:\/\/storybrinde.com\/wp-content\/uploads\/2024\/12\/picturesque-autumn-view-of-zermatt-city-street-with-matterhorn-peak-300x200.jpg 300w, https:\/\/storybrinde.com\/wp-content\/uploads\/2024\/12\/picturesque-autumn-view-of-zermatt-city-street-with-matterhorn-peak-768x512.jpg 768w, https:\/\/storybrinde.com\/wp-content\/uploads\/2024\/12\/picturesque-autumn-view-of-zermatt-city-street-with-matterhorn-peak-1536x1025.jpg 1536w, https:\/\/storybrinde.com\/wp-content\/uploads\/2024\/12\/picturesque-autumn-view-of-zermatt-city-street-with-matterhorn-peak.jpg 2000w\" sizes=\"(max-width: 800px) 100vw, 800px\" \/>\t\t\t\t\t\t\t\t\t\t\t\t\t\t\t<\/div>\n\t\t\t\t<\/div>\n\t\t\t\t<\/div>\n\t\t\t\t\t<\/div>\n\t\t\t\t<\/div>\n\t\t\t\t<\/div>\n\t\t","protected":false},"excerpt":{"rendered":"<p>A STORYBRINDE A Nossa Hist\u00f3ria Bem-vindo \u00e0 StoryBrinde, uma equipa din\u00e2mica e criativa. Com uma forte presen\u00e7a na Su\u00ed\u00e7a e em Portugal, oferecemos tamb\u00e9m solu\u00e7\u00f5es personalizadas para particulares e empresas em toda a Europa. A nossa miss\u00e3o \u00e9 simples: combinar qualidade, inova\u00e7\u00e3o e habilidade para fornecer produtos e servi\u00e7os excepcionais. Quer necessite de artigos personalizados, [&hellip;]<\/p>\n","protected":false},"author":1,"featured_media":0,"parent":0,"menu_order":0,"comment_status":"closed","ping_status":"closed","template":"elementor_header_footer","meta":{"_acf_changed":false,"footnotes":""},"class_list":["post-654","page","type-page","status-publish","hentry"],"acf":[],"yoast_head":"<!-- This site is optimized with the Yoast SEO plugin v27.0 - https:\/\/yoast.com\/product\/yoast-seo-wordpress\/ -->\n<title>Sobre n\u00f3s - STORYBRINDE<\/title>\n<meta name=\"robots\" content=\"index, follow, max-snippet:-1, max-image-preview:large, max-video-preview:-1\" \/>\n<link rel=\"canonical\" href=\"https:\/\/storybrinde.com\/pt\/sobre-nos\/\" \/>\n<meta property=\"og:locale\" content=\"pt_PT\" \/>\n<meta property=\"og:type\" content=\"article\" \/>\n<meta property=\"og:title\" content=\"Sobre n\u00f3s - STORYBRINDE\" \/>\n<meta property=\"og:description\" content=\"A STORYBRINDE A Nossa Hist\u00f3ria Bem-vindo \u00e0 StoryBrinde, uma equipa din\u00e2mica e criativa. Com uma forte presen\u00e7a na Su\u00ed\u00e7a e em Portugal, oferecemos tamb\u00e9m solu\u00e7\u00f5es personalizadas para particulares e empresas em toda a Europa. A nossa miss\u00e3o \u00e9 simples: combinar qualidade, inova\u00e7\u00e3o e habilidade para fornecer produtos e servi\u00e7os excepcionais. Quer necessite de artigos personalizados, [&hellip;]\" \/>\n<meta property=\"og:url\" content=\"https:\/\/storybrinde.com\/pt\/sobre-nos\/\" \/>\n<meta property=\"og:site_name\" content=\"STORYBRINDE\" \/>\n<meta property=\"article:publisher\" content=\"https:\/\/www.facebook.com\/profile.php?id=100090412047154\" \/>\n<meta property=\"article:modified_time\" content=\"2025-02-03T16:35:02+00:00\" \/>\n<meta property=\"og:image\" content=\"https:\/\/storybrinde.ch\/wp-content\/uploads\/2024\/12\/picturesque-autumn-view-of-zermatt-city-street-with-matterhorn-peak-1024x683.jpg\" \/>\n<meta name=\"twitter:card\" content=\"summary_large_image\" \/>\n<meta name=\"twitter:label1\" content=\"Tempo estimado de leitura\" \/>\n\t<meta name=\"twitter:data1\" content=\"1 minuto\" \/>\n<script type=\"application\/ld+json\" class=\"yoast-schema-graph\">{\"@context\":\"https:\/\/schema.org\",\"@graph\":[{\"@type\":\"WebPage\",\"@id\":\"https:\/\/storybrinde.com\/pt\/sobre-nos\/\",\"url\":\"https:\/\/storybrinde.com\/pt\/sobre-nos\/\",\"name\":\"Sobre n\u00f3s - STORYBRINDE\",\"isPartOf\":{\"@id\":\"https:\/\/storybrinde.com\/pt\/#website\"},\"primaryImageOfPage\":{\"@id\":\"https:\/\/storybrinde.com\/pt\/sobre-nos\/#primaryimage\"},\"image\":{\"@id\":\"https:\/\/storybrinde.com\/pt\/sobre-nos\/#primaryimage\"},\"thumbnailUrl\":\"https:\/\/storybrinde.ch\/wp-content\/uploads\/2024\/12\/picturesque-autumn-view-of-zermatt-city-street-with-matterhorn-peak-1024x683.jpg\",\"datePublished\":\"2024-12-06T18:36:47+00:00\",\"dateModified\":\"2025-02-03T16:35:02+00:00\",\"breadcrumb\":{\"@id\":\"https:\/\/storybrinde.com\/pt\/sobre-nos\/#breadcrumb\"},\"inLanguage\":\"pt-PT\",\"potentialAction\":[{\"@type\":\"ReadAction\",\"target\":[\"https:\/\/storybrinde.com\/pt\/sobre-nos\/\"]}]},{\"@type\":\"ImageObject\",\"inLanguage\":\"pt-PT\",\"@id\":\"https:\/\/storybrinde.com\/pt\/sobre-nos\/#primaryimage\",\"url\":\"https:\/\/storybrinde.ch\/wp-content\/uploads\/2024\/12\/picturesque-autumn-view-of-zermatt-city-street-with-matterhorn-peak-1024x683.jpg\",\"contentUrl\":\"https:\/\/storybrinde.ch\/wp-content\/uploads\/2024\/12\/picturesque-autumn-view-of-zermatt-city-street-with-matterhorn-peak-1024x683.jpg\"},{\"@type\":\"BreadcrumbList\",\"@id\":\"https:\/\/storybrinde.com\/pt\/sobre-nos\/#breadcrumb\",\"itemListElement\":[{\"@type\":\"ListItem\",\"position\":1,\"name\":\"In\u00edcio\",\"item\":\"https:\/\/storybrinde.com\/pt\/\"},{\"@type\":\"ListItem\",\"position\":2,\"name\":\"Sobre n\u00f3s\"}]},{\"@type\":\"WebSite\",\"@id\":\"https:\/\/storybrinde.com\/pt\/#website\",\"url\":\"https:\/\/storybrinde.com\/pt\/\",\"name\":\"STORYBRINDE\",\"description\":\"Os seus materiais de marketing!\",\"publisher\":{\"@id\":\"https:\/\/storybrinde.com\/pt\/#organization\"},\"potentialAction\":[{\"@type\":\"SearchAction\",\"target\":{\"@type\":\"EntryPoint\",\"urlTemplate\":\"https:\/\/storybrinde.com\/pt\/?s={search_term_string}\"},\"query-input\":{\"@type\":\"PropertyValueSpecification\",\"valueRequired\":true,\"valueName\":\"search_term_string\"}}],\"inLanguage\":\"pt-PT\"},{\"@type\":\"Organization\",\"@id\":\"https:\/\/storybrinde.com\/pt\/#organization\",\"name\":\"STORYBRINDE\",\"url\":\"https:\/\/storybrinde.com\/pt\/\",\"logo\":{\"@type\":\"ImageObject\",\"inLanguage\":\"pt-PT\",\"@id\":\"https:\/\/storybrinde.com\/pt\/#\/schema\/logo\/image\/\",\"url\":\"https:\/\/storybrinde.ch\/wp-content\/uploads\/2024\/12\/Print-Shop-Zermat.jpg\",\"contentUrl\":\"https:\/\/storybrinde.ch\/wp-content\/uploads\/2024\/12\/Print-Shop-Zermat.jpg\",\"width\":450,\"height\":449,\"caption\":\"STORYBRINDE\"},\"image\":{\"@id\":\"https:\/\/storybrinde.com\/pt\/#\/schema\/logo\/image\/\"},\"sameAs\":[\"https:\/\/www.facebook.com\/profile.php?id=100090412047154\"]}]}<\/script>\n<!-- \/ Yoast SEO plugin. -->","yoast_head_json":{"title":"Sobre n\u00f3s - STORYBRINDE","robots":{"index":"index","follow":"follow","max-snippet":"max-snippet:-1","max-image-preview":"max-image-preview:large","max-video-preview":"max-video-preview:-1"},"canonical":"https:\/\/storybrinde.com\/pt\/sobre-nos\/","og_locale":"pt_PT","og_type":"article","og_title":"Sobre n\u00f3s - STORYBRINDE","og_description":"A STORYBRINDE A Nossa Hist\u00f3ria Bem-vindo \u00e0 StoryBrinde, uma equipa din\u00e2mica e criativa. Com uma forte presen\u00e7a na Su\u00ed\u00e7a e em Portugal, oferecemos tamb\u00e9m solu\u00e7\u00f5es personalizadas para particulares e empresas em toda a Europa. A nossa miss\u00e3o \u00e9 simples: combinar qualidade, inova\u00e7\u00e3o e habilidade para fornecer produtos e servi\u00e7os excepcionais. Quer necessite de artigos personalizados, [&hellip;]","og_url":"https:\/\/storybrinde.com\/pt\/sobre-nos\/","og_site_name":"STORYBRINDE","article_publisher":"https:\/\/www.facebook.com\/profile.php?id=100090412047154","article_modified_time":"2025-02-03T16:35:02+00:00","og_image":[{"url":"https:\/\/storybrinde.ch\/wp-content\/uploads\/2024\/12\/picturesque-autumn-view-of-zermatt-city-street-with-matterhorn-peak-1024x683.jpg","type":"","width":"","height":""}],"twitter_card":"summary_large_image","twitter_misc":{"Tempo estimado de leitura":"1 minuto"},"schema":{"@context":"https:\/\/schema.org","@graph":[{"@type":"WebPage","@id":"https:\/\/storybrinde.com\/pt\/sobre-nos\/","url":"https:\/\/storybrinde.com\/pt\/sobre-nos\/","name":"Sobre n\u00f3s - STORYBRINDE","isPartOf":{"@id":"https:\/\/storybrinde.com\/pt\/#website"},"primaryImageOfPage":{"@id":"https:\/\/storybrinde.com\/pt\/sobre-nos\/#primaryimage"},"image":{"@id":"https:\/\/storybrinde.com\/pt\/sobre-nos\/#primaryimage"},"thumbnailUrl":"https:\/\/storybrinde.ch\/wp-content\/uploads\/2024\/12\/picturesque-autumn-view-of-zermatt-city-street-with-matterhorn-peak-1024x683.jpg","datePublished":"2024-12-06T18:36:47+00:00","dateModified":"2025-02-03T16:35:02+00:00","breadcrumb":{"@id":"https:\/\/storybrinde.com\/pt\/sobre-nos\/#breadcrumb"},"inLanguage":"pt-PT","potentialAction":[{"@type":"ReadAction","target":["https:\/\/storybrinde.com\/pt\/sobre-nos\/"]}]},{"@type":"ImageObject","inLanguage":"pt-PT","@id":"https:\/\/storybrinde.com\/pt\/sobre-nos\/#primaryimage","url":"https:\/\/storybrinde.ch\/wp-content\/uploads\/2024\/12\/picturesque-autumn-view-of-zermatt-city-street-with-matterhorn-peak-1024x683.jpg","contentUrl":"https:\/\/storybrinde.ch\/wp-content\/uploads\/2024\/12\/picturesque-autumn-view-of-zermatt-city-street-with-matterhorn-peak-1024x683.jpg"},{"@type":"BreadcrumbList","@id":"https:\/\/storybrinde.com\/pt\/sobre-nos\/#breadcrumb","itemListElement":[{"@type":"ListItem","position":1,"name":"In\u00edcio","item":"https:\/\/storybrinde.com\/pt\/"},{"@type":"ListItem","position":2,"name":"Sobre n\u00f3s"}]},{"@type":"WebSite","@id":"https:\/\/storybrinde.com\/pt\/#website","url":"https:\/\/storybrinde.com\/pt\/","name":"STORYBRINDE","description":"Os seus materiais de marketing!","publisher":{"@id":"https:\/\/storybrinde.com\/pt\/#organization"},"potentialAction":[{"@type":"SearchAction","target":{"@type":"EntryPoint","urlTemplate":"https:\/\/storybrinde.com\/pt\/?s={search_term_string}"},"query-input":{"@type":"PropertyValueSpecification","valueRequired":true,"valueName":"search_term_string"}}],"inLanguage":"pt-PT"},{"@type":"Organization","@id":"https:\/\/storybrinde.com\/pt\/#organization","name":"STORYBRINDE","url":"https:\/\/storybrinde.com\/pt\/","logo":{"@type":"ImageObject","inLanguage":"pt-PT","@id":"https:\/\/storybrinde.com\/pt\/#\/schema\/logo\/image\/","url":"https:\/\/storybrinde.ch\/wp-content\/uploads\/2024\/12\/Print-Shop-Zermat.jpg","contentUrl":"https:\/\/storybrinde.ch\/wp-content\/uploads\/2024\/12\/Print-Shop-Zermat.jpg","width":450,"height":449,"caption":"STORYBRINDE"},"image":{"@id":"https:\/\/storybrinde.com\/pt\/#\/schema\/logo\/image\/"},"sameAs":["https:\/\/www.facebook.com\/profile.php?id=100090412047154"]}]}},"_links":{"self":[{"href":"https:\/\/storybrinde.com\/pt\/wp-json\/wp\/v2\/pages\/654","targetHints":{"allow":["GET"]}}],"collection":[{"href":"https:\/\/storybrinde.com\/pt\/wp-json\/wp\/v2\/pages"}],"about":[{"href":"https:\/\/storybrinde.com\/pt\/wp-json\/wp\/v2\/types\/page"}],"author":[{"embeddable":true,"href":"https:\/\/storybrinde.com\/pt\/wp-json\/wp\/v2\/users\/1"}],"replies":[{"embeddable":true,"href":"https:\/\/storybrinde.com\/pt\/wp-json\/wp\/v2\/comments?post=654"}],"version-history":[{"count":9,"href":"https:\/\/storybrinde.com\/pt\/wp-json\/wp\/v2\/pages\/654\/revisions"}],"predecessor-version":[{"id":2110,"href":"https:\/\/storybrinde.com\/pt\/wp-json\/wp\/v2\/pages\/654\/revisions\/2110"}],"wp:attachment":[{"href":"https:\/\/storybrinde.com\/pt\/wp-json\/wp\/v2\/media?parent=654"}],"curies":[{"name":"wp","href":"https:\/\/api.w.org\/{rel}","templated":true}]}}