{"id":2574,"date":"2025-02-15T19:49:06","date_gmt":"2025-02-15T19:49:06","guid":{"rendered":"https:\/\/storybrinde.ch\/?page_id=2574"},"modified":"2025-02-15T20:00:36","modified_gmt":"2025-02-15T20:00:36","slug":"politica-de-privacidade","status":"publish","type":"page","link":"https:\/\/storybrinde.com\/pt\/politica-de-privacidade\/","title":{"rendered":"Pol\u00edtica de Privacidade"},"content":{"rendered":"\t\t<div data-elementor-type=\"wp-page\" data-elementor-id=\"2574\" class=\"elementor elementor-2574\" data-elementor-post-type=\"page\">\n\t\t\t\t<div class=\"elementor-element elementor-element-1ce33e1f e-flex e-con-boxed e-con e-parent\" data-id=\"1ce33e1f\" data-element_type=\"container\" data-e-type=\"container\" data-settings=\"{&quot;background_background&quot;:&quot;classic&quot;}\">\n\t\t\t\t\t<div class=\"e-con-inner\">\n\t\t<div class=\"elementor-element elementor-element-23655cb6 e-con-full e-flex e-con e-child\" data-id=\"23655cb6\" data-element_type=\"container\" data-e-type=\"container\">\n\t\t\t\t<\/div>\n\t\t\t\t\t<\/div>\n\t\t\t\t<\/div>\n\t\t<div class=\"elementor-element elementor-element-6285c013 e-flex e-con-boxed e-con e-parent\" data-id=\"6285c013\" data-element_type=\"container\" data-e-type=\"container\">\n\t\t\t\t\t<div class=\"e-con-inner\">\n\t\t<div class=\"elementor-element elementor-element-3010ad55 e-con-full e-flex e-con e-child\" data-id=\"3010ad55\" data-element_type=\"container\" data-e-type=\"container\">\n\t\t\t\t<div class=\"elementor-element elementor-element-cb21894 elementor-widget elementor-widget-text-editor\" data-id=\"cb21894\" data-element_type=\"widget\" data-e-type=\"widget\" data-widget_type=\"text-editor.default\">\n\t\t\t\t<div class=\"elementor-widget-container\">\n\t\t\t\t\t\t\t\t\t<p>1.<br>Esta pol\u00edtica de privacidade aplica-se a todos os dados pessoais que possam ser recolhidos no \u00e2mbito do presente website https:\/\/storybrinde.ch&nbsp; e pela sua variante https:\/\/www.storybrinde.ch&nbsp; (doravante designados por \u201co site\u201d).<\/p>\n<p>Consideramos que a privacidade dos dados dos nossos visitantes \u00e9 da maior import\u00e2ncia. Esta pol\u00edtica de privacidade explica como utilizamos as informa\u00e7\u00f5es que recolhemos dos visitantes no site, mas tamb\u00e9m como os visitantes nos podem instruir no seu uso, nomeadamente, limitar a utiliza\u00e7\u00e3o dessas informa\u00e7\u00f5es, alter\u00e1-las ou elimin\u00e1-las.<\/p>\n<p>Ao utilizar este site, aceita esta pol\u00edtica de privacidade e que esta possa ser alterada a qualquer momento.<\/p>\n<p>Pode falar connosco sobre qualquer assunto ligado \u00e0 pol\u00edtica de privacidade usando os seguintes contactos:<\/p>\n<p>Telefone: +41774333679<br>Email: storybrinde@gmail.com<\/p>\n<p>2.<\/p>\n<p><b>Recolha e tratamento de dados<br><\/b><span style=\"background-color: transparent; text-align: var(--text-align); color: var( --e-global-color-text );\"><b>a)&nbsp;<\/b>Aquando do preenchimento do formul\u00e1rio na p\u00e1gina contactos ou aquando do pedido de or\u00e7amento para produtos, s\u00e3o captados os seguintes dados:<\/span><\/p>\n<p>\u2013 Nome<br>\u2013 E-mail<br>\u2013 N\u00ba Telefone<br>&#8211; Mensagem (dados que introduza na mensagem)<br>&#8211; Nome do produto sobre o qual \u00e9 pretendido or\u00e7amento (no caso de pedido de or\u00e7amento)<\/p>\n<p>Os dados acima referidos s\u00e3o apenas usados para:<br>\u2013 Facilitar a apresenta\u00e7\u00e3o de um or\u00e7amento do nosso lado&nbsp;<br>\u2013 Responder \u00e0s suas quest\u00f5es, d\u00favidas ou solicita\u00e7\u00f5es<br>\u2013 Ou ambas as op\u00e7\u00f5es acima<\/p>\n<p>No caso de preencher o formul\u00e1rio de contactos apenas para quest\u00f5es, d\u00favidas ou solicita\u00e7\u00f5es de pre\u00e7os, os seus dados ser\u00e3o guardados no m\u00e1ximo de 120 dias.<\/p>\n<p><strong>b)<\/strong> No caso de cria\u00e7\u00e3o de conta ou compra de produto sem cria\u00e7\u00e3o de compra, os seguintes dados ser\u00e3o captados:<br>&#8211; Nome<br>-Email<br>-Telefone<br>&#8211; Morada de entrega e morada de fatura\u00e7\u00e3o<br>&#8211; Hist\u00f3rico de compras e transa\u00e7\u00f5es<\/p>\n<p>Estes dados s\u00e3o captados para:<\/p>\n<p>&nbsp;&nbsp; &#8211; Podermos gerir e enviar encomendas<br>&nbsp;&nbsp; &#8211; O visitante poder efectuar o login e aceder ao hist\u00f3rico de compras.<br>&nbsp;&nbsp; &#8211; Podermos enviar confirma\u00e7\u00f5es de encomenda, faturas e notifica\u00e7\u00f5es de envio.<\/p>\n<p>Quanto tempo guardamos estes dados da al\u00ednea b?<br>&nbsp;&nbsp;&nbsp;&nbsp; <strong>Contas de utilizador:<\/strong> At\u00e9 que o utilizador apague a conta.<br>&nbsp;&nbsp;&nbsp;&nbsp; <strong>Dados de encomendas:<\/strong> Durante o tempo necess\u00e1rio para cumprimento fiscal (normalmente 10 anos na Su\u00ed\u00e7a e na UE)<\/p>\n<p><strong>3. Direitos <br><\/strong><br>Cada cidad\u00e3o tem direito a aceder aos seus dados, no sentido dos rectificar dados, retirar o consentimento para o tratamento de dados, direito \u00e0 portabilidade dos dados e direito \u00e0 elimina\u00e7\u00e3o dos dados. Para saber mais sobre este assunto, veja o ponto 5.<\/p>\n<p>4.<br><strong>Partilha de dados&nbsp; com terceiros<\/strong><\/p>\n<p>No caso de n\u00e3o levantar os produtos directamente connosco, os seus dados ser\u00e3o partilhados com as transportadoras (para se poder entregar as encomendas)<\/p>\n<p><strong><br>5.<br>Seguran\u00e7a dos dados<\/strong><\/p>\n<p>Os computadores\/servidores onde se encontra este site s\u00e3o mantidos num ambiente seguro pelo fornecedor do alojamento.<\/p>\n<p>Implementamos medidas de seguran\u00e7a de n\u00edvel f\u00edsico e tecnol\u00f3gico para manter as suas informa\u00e7\u00f5es pessoais seguras.<br>Utilizamos tamb\u00e9m&nbsp;criptografia para proteger a informa\u00e7\u00e3o sens\u00edvel transmitida atrav\u00e9s deste website uma vez que este utiliza certificado SSL (Secure Socket Layer).<\/p>\n<p><strong><br>6.<br>Direitos em rela\u00e7\u00e3o aos seus dados pessoais guardados neste site<\/strong><\/p>\n<ul>\n<li>Tem o direito de saber a raz\u00e3o pela qual os seus dados pessoais s\u00e3o necess\u00e1rios, o que acontecer\u00e1 com eles e por quanto tempo eles ser\u00e3o retidos.<\/li>\n<li>Se nos der o seu consentimento para processar seus dados, tem o direito de revogar esse consentimento e ter os seus dados pessoais exclu\u00eddos.<\/li>\n<li>Direito de acesso: tem o direito de aceder aos seus dados pessoais que s\u00e3o conhecidos por n\u00f3s.<\/li>\n<li>Direito \u00e0 retifica\u00e7\u00e3o: tem o direito de complementar, corrigir, ou eliminar os seus dados pessoais sempre que desejar.<\/li>\n<li>Direito \u00e0 elimina\u00e7\u00e3o dos dados: pode rejeitar o processamento dos seus dados. Caso pedido por si, faremos essa elimina\u00e7\u00e3o, a n\u00e3o ser que exista impedimento legal para tal.<\/li>\n<li>Direito \u00e0 portabilidade: pode solicitar todos os seus dados pessoais organizados de forma a que possam ser transmitidos a outra entidade.<\/li>\n<\/ul>\n<p><strong><br>7.<br>Liga\u00e7\u00f5es para websites externos<\/strong><\/p>\n<p>Esta pol\u00edtica de privacidade aplica-se apenas ao presente site.<br>Este site pode conter alguma liga\u00e7\u00e3o para algum website externo. Ao clicar nalgum link para um website externo e entrar nele,&nbsp;n\u00e3o assumimos quaisquer responsabilidades pelo comportamento desses sites, nem pelas suas pol\u00edticas de privacidade.<\/p>\n<p><strong><br>8.<br>Contactos<\/strong><\/p>\n<p>Telefone: +41774333679<br>Email: storybrinde@gmail.com<br>Morada: Luchernstrasse , 27, Haus Castania A, 3920 Zermatt<\/p>\n<p>Data da \u00faltima actualiza\u00e7\u00e3o: 15 de Fevereiro de 2025<\/p>\t\t\t\t\t\t\t\t<\/div>\n\t\t\t\t<\/div>\n\t\t\t\t<\/div>\n\t\t\t\t\t<\/div>\n\t\t\t\t<\/div>\n\t\t\t\t<\/div>\n\t\t","protected":false},"excerpt":{"rendered":"<p>1.Esta pol\u00edtica de privacidade aplica-se a todos os dados pessoais que possam ser recolhidos no \u00e2mbito do presente website https:\/\/storybrinde.ch&nbsp; e pela sua variante https:\/\/www.storybrinde.ch&nbsp; (doravante designados por \u201co site\u201d). Consideramos que a privacidade dos dados dos nossos visitantes \u00e9 da maior import\u00e2ncia. Esta pol\u00edtica de privacidade explica como utilizamos as informa\u00e7\u00f5es que recolhemos dos [&hellip;]<\/p>\n","protected":false},"author":1,"featured_media":0,"parent":0,"menu_order":0,"comment_status":"closed","ping_status":"closed","template":"elementor_header_footer","meta":{"_acf_changed":false,"footnotes":""},"class_list":["post-2574","page","type-page","status-publish","hentry"],"acf":[],"yoast_head":"<!-- This site is optimized with the Yoast SEO plugin v27.0 - https:\/\/yoast.com\/product\/yoast-seo-wordpress\/ -->\n<title>Pol\u00edtica de Privacidade - STORYBRINDE<\/title>\n<meta name=\"robots\" content=\"index, follow, max-snippet:-1, max-image-preview:large, max-video-preview:-1\" \/>\n<link rel=\"canonical\" href=\"https:\/\/storybrinde.com\/pt\/politica-de-privacidade\/\" \/>\n<meta property=\"og:locale\" content=\"pt_PT\" \/>\n<meta property=\"og:type\" content=\"article\" \/>\n<meta property=\"og:title\" content=\"Pol\u00edtica de Privacidade - STORYBRINDE\" \/>\n<meta property=\"og:description\" content=\"1.Esta pol\u00edtica de privacidade aplica-se a todos os dados pessoais que possam ser recolhidos no \u00e2mbito do presente website https:\/\/storybrinde.ch&nbsp; e pela sua variante https:\/\/www.storybrinde.ch&nbsp; (doravante designados por \u201co site\u201d). Consideramos que a privacidade dos dados dos nossos visitantes \u00e9 da maior import\u00e2ncia. Esta pol\u00edtica de privacidade explica como utilizamos as informa\u00e7\u00f5es que recolhemos dos [&hellip;]\" \/>\n<meta property=\"og:url\" content=\"https:\/\/storybrinde.com\/pt\/politica-de-privacidade\/\" \/>\n<meta property=\"og:site_name\" content=\"STORYBRINDE\" \/>\n<meta property=\"article:publisher\" content=\"https:\/\/www.facebook.com\/profile.php?id=100090412047154\" \/>\n<meta property=\"article:modified_time\" content=\"2025-02-15T20:00:36+00:00\" \/>\n<meta name=\"twitter:card\" content=\"summary_large_image\" \/>\n<meta name=\"twitter:label1\" content=\"Tempo estimado de leitura\" \/>\n\t<meta name=\"twitter:data1\" content=\"4 minutos\" \/>\n<script type=\"application\/ld+json\" class=\"yoast-schema-graph\">{\"@context\":\"https:\/\/schema.org\",\"@graph\":[{\"@type\":\"WebPage\",\"@id\":\"https:\/\/storybrinde.com\/pt\/politica-de-privacidade\/\",\"url\":\"https:\/\/storybrinde.com\/pt\/politica-de-privacidade\/\",\"name\":\"Pol\u00edtica de Privacidade - STORYBRINDE\",\"isPartOf\":{\"@id\":\"https:\/\/storybrinde.com\/pt\/#website\"},\"datePublished\":\"2025-02-15T19:49:06+00:00\",\"dateModified\":\"2025-02-15T20:00:36+00:00\",\"breadcrumb\":{\"@id\":\"https:\/\/storybrinde.com\/pt\/politica-de-privacidade\/#breadcrumb\"},\"inLanguage\":\"pt-PT\",\"potentialAction\":[{\"@type\":\"ReadAction\",\"target\":[\"https:\/\/storybrinde.com\/pt\/politica-de-privacidade\/\"]}]},{\"@type\":\"BreadcrumbList\",\"@id\":\"https:\/\/storybrinde.com\/pt\/politica-de-privacidade\/#breadcrumb\",\"itemListElement\":[{\"@type\":\"ListItem\",\"position\":1,\"name\":\"In\u00edcio\",\"item\":\"https:\/\/storybrinde.com\/pt\/\"},{\"@type\":\"ListItem\",\"position\":2,\"name\":\"Pol\u00edtica de Privacidade\"}]},{\"@type\":\"WebSite\",\"@id\":\"https:\/\/storybrinde.com\/pt\/#website\",\"url\":\"https:\/\/storybrinde.com\/pt\/\",\"name\":\"STORYBRINDE\",\"description\":\"Os seus materiais de marketing!\",\"publisher\":{\"@id\":\"https:\/\/storybrinde.com\/pt\/#organization\"},\"potentialAction\":[{\"@type\":\"SearchAction\",\"target\":{\"@type\":\"EntryPoint\",\"urlTemplate\":\"https:\/\/storybrinde.com\/pt\/?s={search_term_string}\"},\"query-input\":{\"@type\":\"PropertyValueSpecification\",\"valueRequired\":true,\"valueName\":\"search_term_string\"}}],\"inLanguage\":\"pt-PT\"},{\"@type\":\"Organization\",\"@id\":\"https:\/\/storybrinde.com\/pt\/#organization\",\"name\":\"STORYBRINDE\",\"url\":\"https:\/\/storybrinde.com\/pt\/\",\"logo\":{\"@type\":\"ImageObject\",\"inLanguage\":\"pt-PT\",\"@id\":\"https:\/\/storybrinde.com\/pt\/#\/schema\/logo\/image\/\",\"url\":\"https:\/\/storybrinde.ch\/wp-content\/uploads\/2024\/12\/Print-Shop-Zermat.jpg\",\"contentUrl\":\"https:\/\/storybrinde.ch\/wp-content\/uploads\/2024\/12\/Print-Shop-Zermat.jpg\",\"width\":450,\"height\":449,\"caption\":\"STORYBRINDE\"},\"image\":{\"@id\":\"https:\/\/storybrinde.com\/pt\/#\/schema\/logo\/image\/\"},\"sameAs\":[\"https:\/\/www.facebook.com\/profile.php?id=100090412047154\"]}]}<\/script>\n<!-- \/ Yoast SEO plugin. -->","yoast_head_json":{"title":"Pol\u00edtica de Privacidade - STORYBRINDE","robots":{"index":"index","follow":"follow","max-snippet":"max-snippet:-1","max-image-preview":"max-image-preview:large","max-video-preview":"max-video-preview:-1"},"canonical":"https:\/\/storybrinde.com\/pt\/politica-de-privacidade\/","og_locale":"pt_PT","og_type":"article","og_title":"Pol\u00edtica de Privacidade - STORYBRINDE","og_description":"1.Esta pol\u00edtica de privacidade aplica-se a todos os dados pessoais que possam ser recolhidos no \u00e2mbito do presente website https:\/\/storybrinde.ch&nbsp; e pela sua variante https:\/\/www.storybrinde.ch&nbsp; (doravante designados por \u201co site\u201d). Consideramos que a privacidade dos dados dos nossos visitantes \u00e9 da maior import\u00e2ncia. Esta pol\u00edtica de privacidade explica como utilizamos as informa\u00e7\u00f5es que recolhemos dos [&hellip;]","og_url":"https:\/\/storybrinde.com\/pt\/politica-de-privacidade\/","og_site_name":"STORYBRINDE","article_publisher":"https:\/\/www.facebook.com\/profile.php?id=100090412047154","article_modified_time":"2025-02-15T20:00:36+00:00","twitter_card":"summary_large_image","twitter_misc":{"Tempo estimado de leitura":"4 minutos"},"schema":{"@context":"https:\/\/schema.org","@graph":[{"@type":"WebPage","@id":"https:\/\/storybrinde.com\/pt\/politica-de-privacidade\/","url":"https:\/\/storybrinde.com\/pt\/politica-de-privacidade\/","name":"Pol\u00edtica de Privacidade - STORYBRINDE","isPartOf":{"@id":"https:\/\/storybrinde.com\/pt\/#website"},"datePublished":"2025-02-15T19:49:06+00:00","dateModified":"2025-02-15T20:00:36+00:00","breadcrumb":{"@id":"https:\/\/storybrinde.com\/pt\/politica-de-privacidade\/#breadcrumb"},"inLanguage":"pt-PT","potentialAction":[{"@type":"ReadAction","target":["https:\/\/storybrinde.com\/pt\/politica-de-privacidade\/"]}]},{"@type":"BreadcrumbList","@id":"https:\/\/storybrinde.com\/pt\/politica-de-privacidade\/#breadcrumb","itemListElement":[{"@type":"ListItem","position":1,"name":"In\u00edcio","item":"https:\/\/storybrinde.com\/pt\/"},{"@type":"ListItem","position":2,"name":"Pol\u00edtica de Privacidade"}]},{"@type":"WebSite","@id":"https:\/\/storybrinde.com\/pt\/#website","url":"https:\/\/storybrinde.com\/pt\/","name":"STORYBRINDE","description":"Os seus materiais de marketing!","publisher":{"@id":"https:\/\/storybrinde.com\/pt\/#organization"},"potentialAction":[{"@type":"SearchAction","target":{"@type":"EntryPoint","urlTemplate":"https:\/\/storybrinde.com\/pt\/?s={search_term_string}"},"query-input":{"@type":"PropertyValueSpecification","valueRequired":true,"valueName":"search_term_string"}}],"inLanguage":"pt-PT"},{"@type":"Organization","@id":"https:\/\/storybrinde.com\/pt\/#organization","name":"STORYBRINDE","url":"https:\/\/storybrinde.com\/pt\/","logo":{"@type":"ImageObject","inLanguage":"pt-PT","@id":"https:\/\/storybrinde.com\/pt\/#\/schema\/logo\/image\/","url":"https:\/\/storybrinde.ch\/wp-content\/uploads\/2024\/12\/Print-Shop-Zermat.jpg","contentUrl":"https:\/\/storybrinde.ch\/wp-content\/uploads\/2024\/12\/Print-Shop-Zermat.jpg","width":450,"height":449,"caption":"STORYBRINDE"},"image":{"@id":"https:\/\/storybrinde.com\/pt\/#\/schema\/logo\/image\/"},"sameAs":["https:\/\/www.facebook.com\/profile.php?id=100090412047154"]}]}},"_links":{"self":[{"href":"https:\/\/storybrinde.com\/pt\/wp-json\/wp\/v2\/pages\/2574","targetHints":{"allow":["GET"]}}],"collection":[{"href":"https:\/\/storybrinde.com\/pt\/wp-json\/wp\/v2\/pages"}],"about":[{"href":"https:\/\/storybrinde.com\/pt\/wp-json\/wp\/v2\/types\/page"}],"author":[{"embeddable":true,"href":"https:\/\/storybrinde.com\/pt\/wp-json\/wp\/v2\/users\/1"}],"replies":[{"embeddable":true,"href":"https:\/\/storybrinde.com\/pt\/wp-json\/wp\/v2\/comments?post=2574"}],"version-history":[{"count":7,"href":"https:\/\/storybrinde.com\/pt\/wp-json\/wp\/v2\/pages\/2574\/revisions"}],"predecessor-version":[{"id":2584,"href":"https:\/\/storybrinde.com\/pt\/wp-json\/wp\/v2\/pages\/2574\/revisions\/2584"}],"wp:attachment":[{"href":"https:\/\/storybrinde.com\/pt\/wp-json\/wp\/v2\/media?parent=2574"}],"curies":[{"name":"wp","href":"https:\/\/api.w.org\/{rel}","templated":true}]}}