{"id":488,"date":"2024-11-30T09:38:49","date_gmt":"2024-11-30T09:38:49","guid":{"rendered":"https:\/\/storybrinde.ch\/cart\/"},"modified":"2024-12-08T18:47:03","modified_gmt":"2024-12-08T18:47:03","slug":"cart","status":"publish","type":"page","link":"https:\/\/storybrinde.com\/en\/cart\/","title":{"rendered":"Cart"},"content":{"rendered":"\t\t<div data-elementor-type=\"wp-page\" data-elementor-id=\"488\" class=\"elementor elementor-488 elementor-37\" data-elementor-post-type=\"page\">\n\t\t\t\t<div class=\"elementor-element elementor-element-04af97f e-flex e-con-boxed e-con e-parent\" data-id=\"04af97f\" data-element_type=\"container\" data-e-type=\"container\">\n\t\t\t\t\t<div class=\"e-con-inner\">\n\t\t\t\t\t<\/div>\n\t\t\t\t<\/div>\n\t\t\t\t<\/div>\n\t\t","protected":false},"excerpt":{"rendered":"<p>Artikel entfernen Vorschaubild Produkt Preis Anzahl Zwischensumme &times; Saca Tampas &#67;&#72;&#70;&nbsp;7.00 Saca Tampas Menge &#67;&#72;&#70;&nbsp;28.00 Cart Totals Zwischensumme &#67;&#72;&#70;&nbsp;28.00 Versand Gib deine Adresse ein, um die Versandoptionen anzuzeigen. Versandkosten berechnen Land\/Region: Land\/Region ausw\u00e4hlen\u00a0\u2026Afghanistan\u00c4gypten\u00c5landAlbanienAlgerienAmerikanisch-SamoaAmerikanische JungferninselnAndorraAngolaAnguillaAntarktikaAntigua und Barbuda\u00c4quatorialguineaArgentinienArmenienArubaAserbaidschan\u00c4thiopienAustralienBahamasBahrainBangladeschBarbadosBelauBelgienBelizeBeninBermudaBhutanBolivienBonaire, Saint Eustatius and SabaBosnien und HerzegowinaBotswanaBouvetinselBrasilienBritische JungferninselnBritisches Territorium im Indischen OzeanBruneiBulgarienBurkina FasoBurundiChileChinaCookinselnCosta RicaCura&Ccedil;aoD\u00e4nemarkDeutschlandDominicaDominikanische RepublikDschibutiEcuadorEl SalvadorElfenbeink\u00fcsteEritreaEstlandEswatiniFalklandinselnF\u00e4r\u00f6erFidschiFinnlandFrankreichFranz\u00f6sisch-GuayanaFranz\u00f6sisch-PolynesienFranz\u00f6sische S\u00fcd- und AntarktisgebieteGabunGambiaGeorgienGhanaGibraltarGrenadaGriechenlandGr\u00f6nlandGuadeloupeGuamGuatemalaGuernseyGuineaGuinea-BissauGuyanaHaitiHeard und [&hellip;]<\/p>\n","protected":false},"author":1,"featured_media":0,"parent":0,"menu_order":0,"comment_status":"closed","ping_status":"closed","template":"elementor_header_footer","meta":{"_acf_changed":false,"footnotes":""},"class_list":["post-488","page","type-page","status-publish","hentry"],"acf":[],"yoast_head":"<!-- This site is optimized with the Yoast SEO plugin v27.0 - https:\/\/yoast.com\/product\/yoast-seo-wordpress\/ -->\n<title>Cart - STORYBRINDE<\/title>\n<meta name=\"robots\" content=\"index, follow, max-snippet:-1, max-image-preview:large, max-video-preview:-1\" \/>\n<link rel=\"canonical\" href=\"https:\/\/storybrinde.com\/en\/cart\/\" \/>\n<meta property=\"og:locale\" content=\"en_US\" \/>\n<meta property=\"og:type\" content=\"article\" \/>\n<meta property=\"og:title\" content=\"Cart - STORYBRINDE\" \/>\n<meta property=\"og:description\" content=\"Artikel entfernen Vorschaubild Produkt Preis Anzahl Zwischensumme &times; Saca Tampas &#067;&#072;&#070;&nbsp;7.00 Saca Tampas Menge &#067;&#072;&#070;&nbsp;28.00 Cart Totals Zwischensumme &#067;&#072;&#070;&nbsp;28.00 Versand Gib deine Adresse ein, um die Versandoptionen anzuzeigen. Versandkosten berechnen Land\/Region: Land\/Region ausw\u00e4hlen\u00a0\u2026Afghanistan\u00c4gypten\u00c5landAlbanienAlgerienAmerikanisch-SamoaAmerikanische JungferninselnAndorraAngolaAnguillaAntarktikaAntigua und Barbuda\u00c4quatorialguineaArgentinienArmenienArubaAserbaidschan\u00c4thiopienAustralienBahamasBahrainBangladeschBarbadosBelauBelgienBelizeBeninBermudaBhutanBolivienBonaire, Saint Eustatius and SabaBosnien und HerzegowinaBotswanaBouvetinselBrasilienBritische JungferninselnBritisches Territorium im Indischen OzeanBruneiBulgarienBurkina FasoBurundiChileChinaCookinselnCosta RicaCura&Ccedil;aoD\u00e4nemarkDeutschlandDominicaDominikanische RepublikDschibutiEcuadorEl SalvadorElfenbeink\u00fcsteEritreaEstlandEswatiniFalklandinselnF\u00e4r\u00f6erFidschiFinnlandFrankreichFranz\u00f6sisch-GuayanaFranz\u00f6sisch-PolynesienFranz\u00f6sische S\u00fcd- und AntarktisgebieteGabunGambiaGeorgienGhanaGibraltarGrenadaGriechenlandGr\u00f6nlandGuadeloupeGuamGuatemalaGuernseyGuineaGuinea-BissauGuyanaHaitiHeard und [&hellip;]\" \/>\n<meta property=\"og:url\" content=\"https:\/\/storybrinde.com\/en\/cart\/\" \/>\n<meta property=\"og:site_name\" content=\"STORYBRINDE\" \/>\n<meta property=\"article:publisher\" content=\"https:\/\/www.facebook.com\/profile.php?id=100090412047154\" \/>\n<meta property=\"article:modified_time\" content=\"2024-12-08T18:47:03+00:00\" \/>\n<meta property=\"og:image\" content=\"https:\/\/storybrinde.ch\/wp-content\/uploads\/2024\/12\/image0-300x300.jpeg\" \/>\n<meta name=\"twitter:card\" content=\"summary_large_image\" \/>\n<meta name=\"twitter:label1\" content=\"Est. reading time\" \/>\n\t<meta name=\"twitter:data1\" content=\"1 minute\" \/>\n<script type=\"application\/ld+json\" class=\"yoast-schema-graph\">{\"@context\":\"https:\/\/schema.org\",\"@graph\":[{\"@type\":\"WebPage\",\"@id\":\"https:\/\/storybrinde.com\/en\/cart\/\",\"url\":\"https:\/\/storybrinde.com\/en\/cart\/\",\"name\":\"Cart - STORYBRINDE\",\"isPartOf\":{\"@id\":\"https:\/\/storybrinde.com\/en\/#website\"},\"primaryImageOfPage\":{\"@id\":\"https:\/\/storybrinde.com\/en\/cart\/#primaryimage\"},\"image\":{\"@id\":\"https:\/\/storybrinde.com\/en\/cart\/#primaryimage\"},\"thumbnailUrl\":\"https:\/\/storybrinde.ch\/wp-content\/uploads\/2024\/12\/image0-300x300.jpeg\",\"datePublished\":\"2024-11-30T09:38:49+00:00\",\"dateModified\":\"2024-12-08T18:47:03+00:00\",\"breadcrumb\":{\"@id\":\"https:\/\/storybrinde.com\/en\/cart\/#breadcrumb\"},\"inLanguage\":\"en-US\",\"potentialAction\":[{\"@type\":\"ReadAction\",\"target\":[\"https:\/\/storybrinde.com\/en\/cart\/\"]}]},{\"@type\":\"ImageObject\",\"inLanguage\":\"en-US\",\"@id\":\"https:\/\/storybrinde.com\/en\/cart\/#primaryimage\",\"url\":\"https:\/\/storybrinde.ch\/wp-content\/uploads\/2024\/12\/image0-300x300.jpeg\",\"contentUrl\":\"https:\/\/storybrinde.ch\/wp-content\/uploads\/2024\/12\/image0-300x300.jpeg\"},{\"@type\":\"BreadcrumbList\",\"@id\":\"https:\/\/storybrinde.com\/en\/cart\/#breadcrumb\",\"itemListElement\":[{\"@type\":\"ListItem\",\"position\":1,\"name\":\"In\u00edcio\",\"item\":\"https:\/\/storybrinde.com\/en\/\"},{\"@type\":\"ListItem\",\"position\":2,\"name\":\"Cart\"}]},{\"@type\":\"WebSite\",\"@id\":\"https:\/\/storybrinde.com\/en\/#website\",\"url\":\"https:\/\/storybrinde.com\/en\/\",\"name\":\"STORYBRINDE\",\"description\":\"Os seus materiais de marketing!\",\"publisher\":{\"@id\":\"https:\/\/storybrinde.com\/en\/#organization\"},\"potentialAction\":[{\"@type\":\"SearchAction\",\"target\":{\"@type\":\"EntryPoint\",\"urlTemplate\":\"https:\/\/storybrinde.com\/en\/?s={search_term_string}\"},\"query-input\":{\"@type\":\"PropertyValueSpecification\",\"valueRequired\":true,\"valueName\":\"search_term_string\"}}],\"inLanguage\":\"en-US\"},{\"@type\":\"Organization\",\"@id\":\"https:\/\/storybrinde.com\/en\/#organization\",\"name\":\"STORYBRINDE\",\"url\":\"https:\/\/storybrinde.com\/en\/\",\"logo\":{\"@type\":\"ImageObject\",\"inLanguage\":\"en-US\",\"@id\":\"https:\/\/storybrinde.com\/en\/#\/schema\/logo\/image\/\",\"url\":\"https:\/\/storybrinde.ch\/wp-content\/uploads\/2024\/12\/Print-Shop-Zermat.jpg\",\"contentUrl\":\"https:\/\/storybrinde.ch\/wp-content\/uploads\/2024\/12\/Print-Shop-Zermat.jpg\",\"width\":450,\"height\":449,\"caption\":\"STORYBRINDE\"},\"image\":{\"@id\":\"https:\/\/storybrinde.com\/en\/#\/schema\/logo\/image\/\"},\"sameAs\":[\"https:\/\/www.facebook.com\/profile.php?id=100090412047154\"]}]}<\/script>\n<!-- \/ Yoast SEO plugin. -->","yoast_head_json":{"title":"Cart - STORYBRINDE","robots":{"index":"index","follow":"follow","max-snippet":"max-snippet:-1","max-image-preview":"max-image-preview:large","max-video-preview":"max-video-preview:-1"},"canonical":"https:\/\/storybrinde.com\/en\/cart\/","og_locale":"en_US","og_type":"article","og_title":"Cart - STORYBRINDE","og_description":"Artikel entfernen Vorschaubild Produkt Preis Anzahl Zwischensumme &times; Saca Tampas &#67;&#72;&#70;&nbsp;7.00 Saca Tampas Menge &#67;&#72;&#70;&nbsp;28.00 Cart Totals Zwischensumme &#67;&#72;&#70;&nbsp;28.00 Versand Gib deine Adresse ein, um die Versandoptionen anzuzeigen. Versandkosten berechnen Land\/Region: Land\/Region ausw\u00e4hlen\u00a0\u2026Afghanistan\u00c4gypten\u00c5landAlbanienAlgerienAmerikanisch-SamoaAmerikanische JungferninselnAndorraAngolaAnguillaAntarktikaAntigua und Barbuda\u00c4quatorialguineaArgentinienArmenienArubaAserbaidschan\u00c4thiopienAustralienBahamasBahrainBangladeschBarbadosBelauBelgienBelizeBeninBermudaBhutanBolivienBonaire, Saint Eustatius and SabaBosnien und HerzegowinaBotswanaBouvetinselBrasilienBritische JungferninselnBritisches Territorium im Indischen OzeanBruneiBulgarienBurkina FasoBurundiChileChinaCookinselnCosta RicaCura&Ccedil;aoD\u00e4nemarkDeutschlandDominicaDominikanische RepublikDschibutiEcuadorEl SalvadorElfenbeink\u00fcsteEritreaEstlandEswatiniFalklandinselnF\u00e4r\u00f6erFidschiFinnlandFrankreichFranz\u00f6sisch-GuayanaFranz\u00f6sisch-PolynesienFranz\u00f6sische S\u00fcd- und AntarktisgebieteGabunGambiaGeorgienGhanaGibraltarGrenadaGriechenlandGr\u00f6nlandGuadeloupeGuamGuatemalaGuernseyGuineaGuinea-BissauGuyanaHaitiHeard und [&hellip;]","og_url":"https:\/\/storybrinde.com\/en\/cart\/","og_site_name":"STORYBRINDE","article_publisher":"https:\/\/www.facebook.com\/profile.php?id=100090412047154","article_modified_time":"2024-12-08T18:47:03+00:00","og_image":[{"url":"https:\/\/storybrinde.ch\/wp-content\/uploads\/2024\/12\/image0-300x300.jpeg","type":"","width":"","height":""}],"twitter_card":"summary_large_image","twitter_misc":{"Est. reading time":"1 minute"},"schema":{"@context":"https:\/\/schema.org","@graph":[{"@type":"WebPage","@id":"https:\/\/storybrinde.com\/en\/cart\/","url":"https:\/\/storybrinde.com\/en\/cart\/","name":"Cart - STORYBRINDE","isPartOf":{"@id":"https:\/\/storybrinde.com\/en\/#website"},"primaryImageOfPage":{"@id":"https:\/\/storybrinde.com\/en\/cart\/#primaryimage"},"image":{"@id":"https:\/\/storybrinde.com\/en\/cart\/#primaryimage"},"thumbnailUrl":"https:\/\/storybrinde.ch\/wp-content\/uploads\/2024\/12\/image0-300x300.jpeg","datePublished":"2024-11-30T09:38:49+00:00","dateModified":"2024-12-08T18:47:03+00:00","breadcrumb":{"@id":"https:\/\/storybrinde.com\/en\/cart\/#breadcrumb"},"inLanguage":"en-US","potentialAction":[{"@type":"ReadAction","target":["https:\/\/storybrinde.com\/en\/cart\/"]}]},{"@type":"ImageObject","inLanguage":"en-US","@id":"https:\/\/storybrinde.com\/en\/cart\/#primaryimage","url":"https:\/\/storybrinde.ch\/wp-content\/uploads\/2024\/12\/image0-300x300.jpeg","contentUrl":"https:\/\/storybrinde.ch\/wp-content\/uploads\/2024\/12\/image0-300x300.jpeg"},{"@type":"BreadcrumbList","@id":"https:\/\/storybrinde.com\/en\/cart\/#breadcrumb","itemListElement":[{"@type":"ListItem","position":1,"name":"In\u00edcio","item":"https:\/\/storybrinde.com\/en\/"},{"@type":"ListItem","position":2,"name":"Cart"}]},{"@type":"WebSite","@id":"https:\/\/storybrinde.com\/en\/#website","url":"https:\/\/storybrinde.com\/en\/","name":"STORYBRINDE","description":"Os seus materiais de marketing!","publisher":{"@id":"https:\/\/storybrinde.com\/en\/#organization"},"potentialAction":[{"@type":"SearchAction","target":{"@type":"EntryPoint","urlTemplate":"https:\/\/storybrinde.com\/en\/?s={search_term_string}"},"query-input":{"@type":"PropertyValueSpecification","valueRequired":true,"valueName":"search_term_string"}}],"inLanguage":"en-US"},{"@type":"Organization","@id":"https:\/\/storybrinde.com\/en\/#organization","name":"STORYBRINDE","url":"https:\/\/storybrinde.com\/en\/","logo":{"@type":"ImageObject","inLanguage":"en-US","@id":"https:\/\/storybrinde.com\/en\/#\/schema\/logo\/image\/","url":"https:\/\/storybrinde.ch\/wp-content\/uploads\/2024\/12\/Print-Shop-Zermat.jpg","contentUrl":"https:\/\/storybrinde.ch\/wp-content\/uploads\/2024\/12\/Print-Shop-Zermat.jpg","width":450,"height":449,"caption":"STORYBRINDE"},"image":{"@id":"https:\/\/storybrinde.com\/en\/#\/schema\/logo\/image\/"},"sameAs":["https:\/\/www.facebook.com\/profile.php?id=100090412047154"]}]}},"_links":{"self":[{"href":"https:\/\/storybrinde.com\/en\/wp-json\/wp\/v2\/pages\/488","targetHints":{"allow":["GET"]}}],"collection":[{"href":"https:\/\/storybrinde.com\/en\/wp-json\/wp\/v2\/pages"}],"about":[{"href":"https:\/\/storybrinde.com\/en\/wp-json\/wp\/v2\/types\/page"}],"author":[{"embeddable":true,"href":"https:\/\/storybrinde.com\/en\/wp-json\/wp\/v2\/users\/1"}],"replies":[{"embeddable":true,"href":"https:\/\/storybrinde.com\/en\/wp-json\/wp\/v2\/comments?post=488"}],"version-history":[{"count":0,"href":"https:\/\/storybrinde.com\/en\/wp-json\/wp\/v2\/pages\/488\/revisions"}],"wp:attachment":[{"href":"https:\/\/storybrinde.com\/en\/wp-json\/wp\/v2\/media?parent=488"}],"curies":[{"name":"wp","href":"https:\/\/api.w.org\/{rel}","templated":true}]}}